{"id":15,"date":"2015-06-12T10:25:16","date_gmt":"2015-06-12T10:25:16","guid":{"rendered":"http:\/\/dummy.wedesignthemes.com\/veda\/hosting\/?page_id=15"},"modified":"2023-03-30T18:50:17","modified_gmt":"2023-03-30T18:50:17","slug":"kontakt","status":"publish","type":"page","link":"https:\/\/sysminds.pl\/?page_id=15","title":{"rendered":"Kontakt"},"content":{"rendered":"<section class=\"wpb-content-wrapper\"><p>[vc_row][vc_column][vc_column_text css=&#8221;.vc_custom_1680202200686{margin-bottom: 10px !important;}&#8221;]<\/p>\n<h2>POZOSTA\u0143MY W KONTAKCIE<\/h2>\n<p>Rozwi\u0105zujemy wszystkie problemy zwi\u0105zane ze stref\u0105 IT, je\u017celi potrzebujesz us\u0142ugi o kt\u00f3rej nie wspomnieli\u015bmy na stronie internetowej to zapraszamy do sk\u0142adania zapyta\u0144.<br>[\/vc_column_text]<div class='dt-sc-hr-invisible-medium '> <\/div>[vc_row_inner][vc_column_inner el_class=&#8221;rs_col-sm-6&#8243; width=&#8221;1\/3&#8243;][vc_custom_heading text=&#8221;INFO&#8221; use_theme_fonts=&#8221;yes&#8221;][vc_empty_space height=&#8221;20px&#8221;]<div class='hosting-contact-info-container' ><div class='dt-sc-contact-info type7 '><span class='pe-icon pe-call'> <\/span><h6>POROZMAWIAJMY<\/h6><strong>Maciej:<\/strong> +48 723967938<\/p>\n<p><strong>Micha\u0142:<\/strong> +48 511866711<\/p><\/div>\n<div class='dt-sc-hr-invisible-xsmall '> <\/div>\n<div class='dt-sc-contact-info type7 '><span class='pe-icon pe-mail'> <\/span><h6>Nasz  @<\/h6><a href=\"mailto:kontakt@sysminds.pl\">kontakt@sysminds.pl<\/a><\/p><\/div>\n<div class='dt-sc-hr-invisible-xsmall '> <\/div><\/div>[\/vc_column_inner][vc_column_inner el_class=&#8221;rs_col-sm-6&#8243; width=&#8221;2\/3&#8243; css=&#8221;.vc_custom_1458294851741{padding-top: 0px !important;padding-right: 0px !important;padding-bottom: 0px !important;padding-left: 0px !important;}&#8221;][vc_custom_heading text=&#8221;Formularz&#8221; use_theme_fonts=&#8221;yes&#8221; css=&#8221;.vc_custom_1680201617200{padding-left: 15px !important;}&#8221;]<div class='dt-sc-hr-invisible-xsmall '> <\/div>\n<div class=\"wpcf7 no-js\" id=\"wpcf7-f4818-o1\" lang=\"en-US\" dir=\"ltr\">\n<div class=\"screen-reader-response\"><p role=\"status\" aria-live=\"polite\" aria-atomic=\"true\"><\/p> <ul><\/ul><\/div>\n<form action=\"\/index.php?rest_route=%2Fwp%2Fv2%2Fpages%2F15#wpcf7-f4818-o1\" method=\"post\" class=\"wpcf7-form init hosting-contact-form\" aria-label=\"Contact form\" novalidate=\"novalidate\" data-status=\"init\">\n<div style=\"display: none;\">\n<input type=\"hidden\" name=\"_wpcf7\" value=\"4818\" \/>\n<input type=\"hidden\" name=\"_wpcf7_version\" value=\"5.8\" \/>\n<input type=\"hidden\" name=\"_wpcf7_locale\" value=\"en_US\" \/>\n<input type=\"hidden\" name=\"_wpcf7_unit_tag\" value=\"wpcf7-f4818-o1\" \/>\n<input type=\"hidden\" name=\"_wpcf7_container_post\" value=\"0\" \/>\n<input type=\"hidden\" name=\"_wpcf7_posted_data_hash\" value=\"\" \/>\n<\/div>\n<p>[vc_column width=\"1\/2\"]<span class=\"wpcf7-form-control-wrap\" data-name=\"text-844\"><input size=\"40\" class=\"wpcf7-form-control wpcf7-text wpcf7-validates-as-required\" aria-required=\"true\" aria-invalid=\"false\" placeholder=\"Imi\u0119\" value=\"\" type=\"text\" name=\"text-844\" \/><\/span>[\/vc_column][vc_column width=\"1\/2\"]<span class=\"wpcf7-form-control-wrap\" data-name=\"text-845\"><input size=\"40\" class=\"wpcf7-form-control wpcf7-text wpcf7-validates-as-required\" aria-required=\"true\" aria-invalid=\"false\" placeholder=\"Nazwisko\" value=\"\" type=\"text\" name=\"text-845\" \/><\/span>[\/vc_column]<div class='dt-sc-hr-top-5 '> <\/div><div class='dt-sc-hr-top-10 '> <\/div>[vc_column width=\"1\/2\"]<span class=\"wpcf7-form-control-wrap\" data-name=\"email-567\"><input size=\"40\" class=\"wpcf7-form-control wpcf7-email wpcf7-validates-as-required wpcf7-text wpcf7-validates-as-email\" aria-required=\"true\" aria-invalid=\"false\" placeholder=\"Email\" value=\"\" type=\"email\" name=\"email-567\" \/><\/span>[\/vc_column][vc_column width=\"1\/2\"]<span class=\"wpcf7-form-control-wrap\" data-name=\"tel-745\"><input size=\"40\" class=\"wpcf7-form-control wpcf7-tel wpcf7-text wpcf7-validates-as-tel\" aria-invalid=\"false\" placeholder=\"Telefon\" value=\"\" type=\"tel\" name=\"tel-745\" \/><\/span>[\/vc_column]<div class='dt-sc-hr-top-5 '> <\/div><div class='dt-sc-hr-top-10 '> <\/div><div class='dt-sc-clear '> <\/div>[vc_column]<span class=\"wpcf7-form-control-wrap\" data-name=\"textarea-215\"><textarea cols=\"40\" rows=\"10\" class=\"wpcf7-form-control wpcf7-textarea\" aria-invalid=\"false\" placeholder=\"Twoja wiadomo\u015b\u0107\" name=\"textarea-215\"><\/textarea><\/span><input class=\"wpcf7-form-control wpcf7-submit has-spinner\" type=\"submit\" value=\"Wy\u015blij\" \/>[\/vc_column]\n<\/p><div class=\"wpcf7-response-output\" aria-hidden=\"true\"><\/div>\n<\/form>\n<\/div>\n[\/vc_column_inner][\/vc_row_inner][vc_empty_space height=&#8221;100px&#8221;][\/vc_column][\/vc_row][vc_row addstyles=&#8221;text-align:center;&#8221; el_class=&#8221;vc_custom_float&#8221; css=&#8221;.vc_custom_1456396858334{margin-right: 0px !important;margin-bottom: -40px !important;margin-left: 0px !important;}&#8221;][vc_column css=&#8221;.vc_custom_1458294762068{padding-right: 0px !important;padding-left: 0px !important;}&#8221; el_class=&#8221;rs_col_no_btm_space&#8221;][vc_row_inner el_class=&#8221;dt-sc-highlight dt-sc-dark-bg&#8221; css=&#8221;.vc_custom_1456396845548{margin-right: 0px !important;margin-left: 0px !important;padding-top: 25px !important;padding-right: 10px !important;padding-bottom: 3px !important;padding-left: 10px !important;border-radius: 5px !important;}&#8221; addstyles=&#8221;border-radius:5px; text-align:center;&#8221;][vc_column_inner css=&#8221;.vc_custom_1456396835861{padding-right: 0px !important;padding-left: 0px !important;}&#8221;][vc_column_text css=&#8221;.vc_custom_1680201550983{margin-bottom: 20px !important;}&#8221;]<\/p>\n<h2 style=\"font-weight: normal;\"><strong>POTRZBUJESZ WSPARCIA?<\/strong> Dla Ciebie mo\u017cemy dzia\u0142a\u0107 o ka\u017cdej porze dnia i nocy!<\/h2>\n<p>[\/vc_column_text][\/vc_column_inner][\/vc_row_inner][\/vc_column][\/vc_row]<\/p>\n<\/section>","protected":false},"excerpt":{"rendered":"<p>[vc_row][vc_column][vc_column_text css=&#8221;.vc_custom_1680202200686{margin-bottom: 10px !important;}&#8221;] POZOSTA\u0143MY W KONTAKCIE Rozwi\u0105zujemy wszystkie problemy zwi\u0105zane ze stref\u0105 IT, je\u017celi potrzebujesz us\u0142ugi o kt\u00f3rej nie wspomnieli\u015bmy na stronie internetowej to zapraszamy do sk\u0142adania zapyta\u0144.[\/vc_column_text][vc_row_inner][vc_column_inner el_class=&#8221;rs_col-sm-6&#8243; width=&#8221;1\/3&#8243;][vc_custom_heading text=&#8221;INFO&#8221; use_theme_fonts=&#8221;yes&#8221;][vc_empty_space height=&#8221;20px&#8221;][\/vc_column_inner][vc_column_inner el_class=&#8221;rs_col-sm-6&#8243; width=&#8221;2\/3&#8243; css=&#8221;.vc_custom_1458294851741{padding-top: 0px !important;padding-right: 0px !important;padding-bottom: 0px !important;padding-left: 0px !important;}&#8221;][vc_custom_heading text=&#8221;Formularz&#8221; use_theme_fonts=&#8221;yes&#8221; css=&#8221;.vc_custom_1680201617200{padding-left: 15px !important;}&#8221;][\/vc_column_inner][\/vc_row_inner][vc_empty_space height=&#8221;100px&#8221;][\/vc_column][\/vc_row][vc_row addstyles=&#8221;text-align:center;&#8221; el_class=&#8221;vc_custom_float&#8221; css=&#8221;.vc_custom_1456396858334{margin-right: 0px [&hellip;]<\/p>\n","protected":false},"author":1,"featured_media":0,"parent":0,"menu_order":0,"comment_status":"open","ping_status":"open","template":"","meta":{"footnotes":""},"class_list":["post-15","page","type-page","status-publish","hentry"],"_links":{"self":[{"href":"https:\/\/sysminds.pl\/index.php?rest_route=\/wp\/v2\/pages\/15","targetHints":{"allow":["GET"]}}],"collection":[{"href":"https:\/\/sysminds.pl\/index.php?rest_route=\/wp\/v2\/pages"}],"about":[{"href":"https:\/\/sysminds.pl\/index.php?rest_route=\/wp\/v2\/types\/page"}],"author":[{"embeddable":true,"href":"https:\/\/sysminds.pl\/index.php?rest_route=\/wp\/v2\/users\/1"}],"replies":[{"embeddable":true,"href":"https:\/\/sysminds.pl\/index.php?rest_route=%2Fwp%2Fv2%2Fcomments&post=15"}],"version-history":[{"count":5,"href":"https:\/\/sysminds.pl\/index.php?rest_route=\/wp\/v2\/pages\/15\/revisions"}],"predecessor-version":[{"id":5154,"href":"https:\/\/sysminds.pl\/index.php?rest_route=\/wp\/v2\/pages\/15\/revisions\/5154"}],"wp:attachment":[{"href":"https:\/\/sysminds.pl\/index.php?rest_route=%2Fwp%2Fv2%2Fmedia&parent=15"}],"curies":[{"name":"wp","href":"https:\/\/api.w.org\/{rel}","templated":true}]}}