{"id":4243,"date":"2015-06-12T10:21:52","date_gmt":"2015-06-12T10:21:52","guid":{"rendered":"http:\/\/dummy.wedesignthemes.com\/veda\/hosting\/?page_id=2"},"modified":"2025-05-17T14:11:42","modified_gmt":"2025-05-17T14:11:42","slug":"sample-page-2","status":"publish","type":"page","link":"https:\/\/sysminds.pl\/","title":{"rendered":"Home"},"content":{"rendered":"<section class=\"wpb-content-wrapper\"><p>[vc_row][vc_column]<div class='dt-sc-hr-invisible-xlarge '> <\/div>[\/vc_column][\/vc_row][vc_row][vc_column][vc_column_text]<\/p>\n<h1 style=\"text-align: center;\">Witaj w SysMinds!<\/h1>\n<p style=\"text-align: center;\">Jeste\u015bmy dostawc\u0105 us\u0142ug informatycznych oraz autoryzowanym partnerem sprzeda\u017cowym sprz\u0119tu dla firm najwi\u0119kszych hurtowni w Polsce. Nasze do\u015bwiadczenie i wiedza pozwalaj\u0105 nam pomaga\u0107 naszym klientom w realizacji ich cel\u00f3w biznesowych.<\/p>\n<p style=\"text-align: center;\">Oferujemy <strong>kompleksowe rozwi\u0105zania informatyczne dla firm<\/strong> w ka\u017cdej bran\u017cy i na ka\u017cdym etapie rozwoju. Nasza oferta obejmuje zar\u00f3wno outsourcing IT, jak i us\u0142ugi doradcze, projektowe oraz wsparcie techniczne. Dostarczamy nasze rozwi\u0105zania zgodnie z najwy\u017cszymi standardami jako\u015bci, aby zawsze spe\u0142ni\u0107 wymagania naszych klient\u00f3w.<\/p>\n<p style=\"text-align: center;\">Nasi specjali\u015bci IT s\u0105 wysoce wykwalifikowani i posiadaj\u0105 wiele lat do\u015bwiadczenia w bran\u017cy. Zawsze stawiamy na <strong>jako\u015b\u0107<\/strong>, dlatego ka\u017cdy projekt realizujemy z du\u017c\u0105 dba\u0142o\u015bci\u0105 o szczeg\u00f3\u0142y i zgodnie z wymaganiami klienta. Dzi\u0119ki temu nasze rozwi\u0105zania s\u0105 zawsze skuteczne i przynosz\u0105 realne korzy\u015bci dla naszych klient\u00f3w.<\/p>\n<p style=\"text-align: center;\">Outsourcing IT to idealne rozwi\u0105zanie dla firm, kt\u00f3re chc\u0105 skupi\u0107 si\u0119 na swojej g\u0142\u00f3wnej dzia\u0142alno\u015bci i nie chc\u0105 traci\u0107 czasu i pieni\u0119dzy na rozwijanie i utrzymywanie w\u0142asnego zespo\u0142u informatycznego. Dzi\u0119ki nam, nasi klienci mog\u0105 skorzysta\u0107 z wiedzy i do\u015bwiadczenia naszych specjalist\u00f3w, <strong>bez ponoszenia koszt\u00f3w zwi\u0105zanych z utrzymywaniem w\u0142asnego zespo\u0142u<\/strong>.<\/p>\n<p style=\"text-align: center;\">Je\u015bli szukasz partnera, kt\u00f3ry dostarczy Ci kompleksowe i skuteczne rozwi\u0105zania informatyczne, to dobrze trafi\u0142e\u015b. Nasza firma jest gotowa pom\u00f3c Ci w realizacji Twoich cel\u00f3w biznesowych i zapewni\u0107 Ci pe\u0142ne wsparcie techniczne. <a href=\"https:\/\/sysminds.pl\/kontakt\/\">Skontaktuj si\u0119 z nami<\/a>, aby dowiedzie\u0107 si\u0119 wi\u0119cej o naszych us\u0142ugach i o tym, jak mo\u017cemy pom\u00f3c w rozwoju Twojej firmy.<\/p>\n<p>[\/vc_column_text][\/vc_column][\/vc_row][vc_row][vc_column][vc_custom_heading text=&#8221;Zaufali nam:&#8221;][\/vc_column][\/vc_row][vc_row][vc_column width=&#8221;1\/4&#8243;][vc_single_image image=&#8221;5185&#8243; img_size=&#8221;medium&#8221;][\/vc_column][vc_column width=&#8221;1\/4&#8243;][vc_single_image image=&#8221;5183&#8243; img_size=&#8221;medium&#8221;][\/vc_column][vc_column width=&#8221;1\/4&#8243;][vc_single_image image=&#8221;5189&#8243; img_size=&#8221;medium&#8221;][\/vc_column][vc_column width=&#8221;1\/4&#8243;][vc_single_image image=&#8221;5191&#8243; img_size=&#8221;medium&#8221;][\/vc_column][\/vc_row][vc_row][vc_column width=&#8221;1\/4&#8243;][vc_single_image image=&#8221;5194&#8243; img_size=&#8221;medium&#8221;][\/vc_column][vc_column width=&#8221;1\/4&#8243;][vc_single_image image=&#8221;5244&#8243; img_size=&#8221;medium&#8221;][\/vc_column][vc_column width=&#8221;1\/4&#8243;][vc_single_image image=&#8221;5207&#8243; img_size=&#8221;medium&#8221;][\/vc_column][vc_column width=&#8221;1\/4&#8243;][vc_single_image image=&#8221;5208&#8243; img_size=&#8221;medium&#8221;][\/vc_column][\/vc_row]<\/p>\n<\/section>","protected":false},"excerpt":{"rendered":"<p>[vc_row][vc_column][\/vc_column][\/vc_row][vc_row][vc_column][vc_column_text] Witaj w SysMinds! Jeste\u015bmy dostawc\u0105 us\u0142ug informatycznych oraz autoryzowanym partnerem sprzeda\u017cowym sprz\u0119tu dla firm najwi\u0119kszych hurtowni w Polsce. Nasze do\u015bwiadczenie i wiedza pozwalaj\u0105 nam pomaga\u0107 naszym klientom w realizacji ich cel\u00f3w biznesowych. Oferujemy kompleksowe rozwi\u0105zania informatyczne dla firm w ka\u017cdej bran\u017cy i na ka\u017cdym etapie rozwoju. Nasza oferta obejmuje zar\u00f3wno outsourcing IT, jak i [&hellip;]<\/p>\n","protected":false},"author":1,"featured_media":0,"parent":0,"menu_order":0,"comment_status":"open","ping_status":"open","template":"","meta":{"footnotes":""},"class_list":["post-4243","page","type-page","status-publish","hentry"],"_links":{"self":[{"href":"https:\/\/sysminds.pl\/index.php?rest_route=\/wp\/v2\/pages\/4243","targetHints":{"allow":["GET"]}}],"collection":[{"href":"https:\/\/sysminds.pl\/index.php?rest_route=\/wp\/v2\/pages"}],"about":[{"href":"https:\/\/sysminds.pl\/index.php?rest_route=\/wp\/v2\/types\/page"}],"author":[{"embeddable":true,"href":"https:\/\/sysminds.pl\/index.php?rest_route=\/wp\/v2\/users\/1"}],"replies":[{"embeddable":true,"href":"https:\/\/sysminds.pl\/index.php?rest_route=%2Fwp%2Fv2%2Fcomments&post=4243"}],"version-history":[{"count":15,"href":"https:\/\/sysminds.pl\/index.php?rest_route=\/wp\/v2\/pages\/4243\/revisions"}],"predecessor-version":[{"id":5245,"href":"https:\/\/sysminds.pl\/index.php?rest_route=\/wp\/v2\/pages\/4243\/revisions\/5245"}],"wp:attachment":[{"href":"https:\/\/sysminds.pl\/index.php?rest_route=%2Fwp%2Fv2%2Fmedia&parent=4243"}],"curies":[{"name":"wp","href":"https:\/\/api.w.org\/{rel}","templated":true}]}}